{"id":37,"date":"2017-08-11T13:08:37","date_gmt":"2017-08-11T13:08:37","guid":{"rendered":"http:\/\/atixscripts.info\/demo\/minimagdemo\/?page_id=37"},"modified":"2020-10-01T20:17:10","modified_gmt":"2020-10-02T01:17:10","slug":"nosotros","status":"publish","type":"page","link":"https:\/\/gargamel-estudio.com\/en\/nosotros\/","title":{"rendered":"About us"},"content":{"rendered":"\n<p>Gargamel Studio is a lab to develop all possibilities that technology offers for learning processes. We create video games, apps, digital literacy workshops and rallyes. We create games that challenge children to try again and again to solve a problem; that stimulate critical thinking and the necessary skills for tomorrow. We create context-appropriate material: often with low connectivity and old equipment; since we seek to prevent technology as reinforcement of privilege.<\/p>\n\n\n\n<hr class=\"wp-block-separator is-style-wide\"\/>\n\n\n\n<div class=\"wp-block-columns has-2-columns user--list is-layout-flex wp-container-3 wp-block-columns-is-layout-flex\">\n<div class=\"wp-block-column is-layout-flow wp-block-column-is-layout-flow\">\n<div class=\"wp-block-image\"><figure class=\"aligncenter\"><img decoding=\"async\" loading=\"lazy\" width=\"170\" height=\"170\" src=\"https:\/\/gargamel-estudio.com\/wp-content\/uploads\/2019\/12\/elisa-1.png\" alt=\"\" class=\"wp-image-1750\" srcset=\"https:\/\/gargamel-estudio.com\/wp-content\/uploads\/2019\/12\/elisa-1.png 170w, https:\/\/gargamel-estudio.com\/wp-content\/uploads\/2019\/12\/elisa-1-150x150.png 150w\" sizes=\"(max-width: 170px) 100vw, 170px\" \/><\/figure><\/div>\n\n\n\n<h4 class=\"wp-block-heading\"><strong>Elisa Navarro Chinchilla<\/strong><\/h4>\n\n\n\n<p>Director of Gargamel Estudio and a videogame designer, with more than 20 games for companies and organizations such as United Nations, Televisa, Philharmonic Orchestra of the National University, Children Museum Papalote, amongst others. Convinced of the power of games in collaborative learning and games for unprivileged contexts, she has received several national funds in Mexico to create educational experiences with technology, including rallies with AR and technology disobedience. Her studies are MA in Media and Education at the Institute of Education at UCL, UK, with Gunther Kress as tutor. Her last game, Chuka: break the silence (<a href=\"http:\/\/www.chukagame.com\/\">chukagame.com<\/a>), is a game to prevent gender violence and to reinforce socioemotional learning.<br><\/p>\n<\/div>\n\n\n\n<div class=\"wp-block-column is-layout-flow wp-block-column-is-layout-flow\">\n<div class=\"wp-block-image\"><figure class=\"aligncenter\"><img decoding=\"async\" loading=\"lazy\" width=\"170\" height=\"170\" src=\"https:\/\/gargamel-estudio.com\/wp-content\/uploads\/2019\/12\/diana.png\" alt=\"\" class=\"wp-image-1752\" srcset=\"https:\/\/gargamel-estudio.com\/wp-content\/uploads\/2019\/12\/diana.png 170w, https:\/\/gargamel-estudio.com\/wp-content\/uploads\/2019\/12\/diana-150x150.png 150w\" sizes=\"(max-width: 170px) 100vw, 170px\" \/><\/figure><\/div>\n\n\n\n<h4 class=\"wp-block-heading\"><strong>Diana Bethzabe Blanquet Trujano<\/strong><\/h4>\n\n\n\n<h6 class=\"wp-block-heading\"><\/h6>\n\n\n\n<p>Cursando la carrera de Comunicadora audiovisual por la Universidad de Sor Juana, con tesis sobre: Videojuegos educativos como herramientas de apoyo en din\u00e1micas de aprendizaje l\u00fadico. Actualmente labora en Gargamel Estudio en el \u00e1rea de producci\u00f3n y gesti\u00f3n escolar para la prueba y optimizaci\u00f3n de videojuegos y proyectos extraescolares.<br><\/p>\n<\/div>\n<\/div>\n\n\n\n<div class=\"wp-block-columns has-3-columns user--list is-layout-flex wp-container-7 wp-block-columns-is-layout-flex\">\n<div class=\"wp-block-column is-layout-flow wp-block-column-is-layout-flow\">\n<div class=\"wp-block-image\"><figure class=\"aligncenter\"><img decoding=\"async\" loading=\"lazy\" width=\"170\" height=\"170\" src=\"https:\/\/gargamel-estudio.com\/wp-content\/uploads\/2019\/12\/david.png\" alt=\"\" class=\"wp-image-1756\" srcset=\"https:\/\/gargamel-estudio.com\/wp-content\/uploads\/2019\/12\/david.png 170w, https:\/\/gargamel-estudio.com\/wp-content\/uploads\/2019\/12\/david-150x150.png 150w\" sizes=\"(max-width: 170px) 100vw, 170px\" \/><\/figure><\/div>\n\n\n\n<h4 class=\"wp-block-heading\">David de la Pe\u00f1a Frigolet<\/h4>\n\n\n\n<h6 class=\"wp-block-heading\">Programador<\/h6>\n\n\n\n<p>Ingeniero en Tecnolog\u00eda Interactiva de la Universidad del Valle de M\u00e9xico, <strong>10 a\u00f1os de experiencia en el desarrollo de software<\/strong> para videojuegos de entretenimiento y educaci\u00f3n.<\/p>\n<\/div>\n\n\n\n<div class=\"wp-block-column is-layout-flow wp-block-column-is-layout-flow\">\n<div class=\"wp-block-image\"><figure class=\"aligncenter\"><img decoding=\"async\" loading=\"lazy\" width=\"170\" height=\"170\" src=\"https:\/\/gargamel-estudio.com\/wp-content\/uploads\/2019\/12\/helios.png\" alt=\"\" class=\"wp-image-1757\" srcset=\"https:\/\/gargamel-estudio.com\/wp-content\/uploads\/2019\/12\/helios.png 170w, https:\/\/gargamel-estudio.com\/wp-content\/uploads\/2019\/12\/helios-150x150.png 150w\" sizes=\"(max-width: 170px) 100vw, 170px\" \/><\/figure><\/div>\n\n\n\n<h4 class=\"wp-block-heading\">Helios Figueroa<\/h4>\n\n\n\n<h6 class=\"wp-block-heading\">Desarrollador full-stack<\/h6>\n\n\n\n<p>Ingeniero en sistemas con <strong>9 a\u00f1os de experiencia en Desarrollo back-end<\/strong>,  front-end, Data Mining Tools, soluciones en la nube y soluciones offline.<br><\/p>\n<\/div>\n\n\n\n<div class=\"wp-block-column is-layout-flow wp-block-column-is-layout-flow\">\n<div class=\"wp-block-image\"><figure class=\"aligncenter\"><img decoding=\"async\" loading=\"lazy\" width=\"170\" height=\"170\" src=\"https:\/\/gargamel-estudio.com\/wp-content\/uploads\/2019\/12\/victor.png\" alt=\"\" class=\"wp-image-1759\" srcset=\"https:\/\/gargamel-estudio.com\/wp-content\/uploads\/2019\/12\/victor.png 170w, https:\/\/gargamel-estudio.com\/wp-content\/uploads\/2019\/12\/victor-150x150.png 150w\" sizes=\"(max-width: 170px) 100vw, 170px\" \/><\/figure><\/div>\n\n\n\n<h4 class=\"wp-block-heading\">Victor Jos\u00e9 Palacios Serrano<\/h4>\n\n\n\n<h6 class=\"wp-block-heading\">Animador<\/h6>\n\n\n\n<p>Animador Freelance en distintos estudios de animaci\u00f3n, post producci\u00f3n y videojuegos desde el 2006 a la fecha.<br><\/p>\n<\/div>\n<\/div>\n\n\n\n<div class=\"wp-block-columns has-3-columns user--list is-layout-flex wp-container-11 wp-block-columns-is-layout-flex\">\n<div class=\"wp-block-column is-layout-flow wp-block-column-is-layout-flow\">\n<div class=\"wp-block-image\"><figure class=\"aligncenter\"><img decoding=\"async\" loading=\"lazy\" width=\"170\" height=\"170\" src=\"https:\/\/gargamel-estudio.com\/wp-content\/uploads\/2019\/12\/monica.png\" alt=\"\" class=\"wp-image-1760\" srcset=\"https:\/\/gargamel-estudio.com\/wp-content\/uploads\/2019\/12\/monica.png 170w, https:\/\/gargamel-estudio.com\/wp-content\/uploads\/2019\/12\/monica-150x150.png 150w\" sizes=\"(max-width: 170px) 100vw, 170px\" \/><\/figure><\/div>\n\n\n\n<h4 class=\"wp-block-heading\">M\u00f3nica Marcela Rodr\u00edguez Nieves<\/h4>\n\n\n\n<h6 class=\"wp-block-heading\">Ilustradora<\/h6>\n\n\n\n<p><em>\u201cChuka La Vulgarcita\u201d<\/em><\/p>\n\n\n\n<p>Egresada de la Universidad de Sonora en Artes Pl\u00e1sticas. <strong>12 a\u00f1os de experiencia en ilustraci\u00f3n y dise\u00f1o de imagen<\/strong> para videojuegos, cortometrajes pel\u00edculas animadas y c\u00f3mics.<\/p>\n<\/div>\n\n\n\n<div class=\"wp-block-column is-layout-flow wp-block-column-is-layout-flow\">\n<div class=\"wp-block-image\"><figure class=\"aligncenter\"><img decoding=\"async\" loading=\"lazy\" width=\"170\" height=\"170\" src=\"https:\/\/gargamel-estudio.com\/wp-content\/uploads\/2019\/12\/pom-1.png\" alt=\"\" class=\"wp-image-1762\" srcset=\"https:\/\/gargamel-estudio.com\/wp-content\/uploads\/2019\/12\/pom-1.png 170w, https:\/\/gargamel-estudio.com\/wp-content\/uploads\/2019\/12\/pom-1-150x150.png 150w\" sizes=\"(max-width: 170px) 100vw, 170px\" \/><\/figure><\/div>\n\n\n\n<h4 class=\"wp-block-heading\">Dise\u00f1o gr\u00e1\ufb01co<\/h4>\n\n\n\n<h6 class=\"wp-block-heading\">POM POM mx<\/h6>\n\n\n\n<p>Fundada en el 2012, conformada por Liliana Z\u00fa\u00f1iga dise\u00f1adora gr\u00e1\ufb01ca con posgrado en dise\u00f1o param\u00e9trico y Ekaterina Maksabedian dise\u00f1adora gr\u00e1\ufb01ca con posgrado de Innovaci\u00f3n tipogr\u00e1\ufb01ca.  Empresa dedicada a Ilustraci\u00f3n | Desarrollo de marca | Dise\u00f1o editorial | Dise\u00f1o para aplicaciones m\u00f3viles.<br><\/p>\n<\/div>\n\n\n\n<div class=\"wp-block-column is-layout-flow wp-block-column-is-layout-flow\">\n<div class=\"wp-block-image\"><figure class=\"aligncenter\"><img decoding=\"async\" loading=\"lazy\" width=\"170\" height=\"170\" src=\"https:\/\/gargamel-estudio.com\/wp-content\/uploads\/2020\/10\/echavez.png\" alt=\"Edgar Ch\u00e1vez\" class=\"wp-image-1884\" srcset=\"https:\/\/gargamel-estudio.com\/wp-content\/uploads\/2020\/10\/echavez.png 170w, https:\/\/gargamel-estudio.com\/wp-content\/uploads\/2020\/10\/echavez-150x150.png 150w\" sizes=\"(max-width: 170px) 100vw, 170px\" \/><\/figure><\/div>\n\n\n\n<h4 class=\"wp-block-heading\">Edgar Ch\u00e1vez<\/h4>\n\n\n\n<h6 class=\"wp-block-heading\">holicstudio.com<\/h6>\n\n\n\n<p>Dise\u00f1ador UX\/UI &#8211; Frontend con 10 a\u00f1os de experiencia desarrollando y dise\u00f1ando propiedades digitales.<br><\/p>\n<\/div>\n<\/div>\n\n\n\n<p><\/p>\n","protected":false},"excerpt":{"rendered":"<p>Gargamel Studio is a lab to develop all possibilities that technology offers for learning processes. We create video games, apps, digital literacy workshops and rallyes. We create games that challenge children to try again and again to solve a problem; that stimulate critical thinking and the necessary skills for tomorrow. We create context-appropriate material: often [&hellip;]<\/p>\n","protected":false},"author":1,"featured_media":0,"parent":0,"menu_order":0,"comment_status":"closed","ping_status":"closed","template":"","meta":{"footnotes":""},"translation":{"provider":"WPGlobus","version":"2.12.2","language":"en","enabled_languages":["es","en"],"languages":{"es":{"title":true,"content":true,"excerpt":false},"en":{"title":true,"content":true,"excerpt":false}}},"yoast_head":"<!-- This site is optimized with the Yoast SEO plugin v21.1 - https:\/\/yoast.com\/wordpress\/plugins\/seo\/ -->\n<title>About us - Gargamel Estudio<\/title>\n<meta name=\"robots\" content=\"index, follow, max-snippet:-1, max-image-preview:large, max-video-preview:-1\" \/>\n<link rel=\"canonical\" href=\"https:\/\/gargamel-estudio.com\/nosotros\/\" \/>\n<meta property=\"og:locale\" content=\"en_US\" \/>\n<meta property=\"og:type\" content=\"article\" \/>\n<meta property=\"og:title\" content=\"About us - Gargamel Estudio\" \/>\n<meta property=\"og:url\" content=\"https:\/\/gargamel-estudio.com\/nosotros\/\" \/>\n<meta property=\"og:site_name\" content=\"Gargamel Estudio\" \/>\n<meta property=\"article:modified_time\" content=\"2020-10-02T01:17:10+00:00\" \/>\n<meta property=\"og:image\" content=\"https:\/\/gargamel-estudio.com\/wp-content\/uploads\/2019\/12\/elisa-1.png\" \/>\n<meta name=\"twitter:card\" content=\"summary_large_image\" \/>\n<meta name=\"twitter:label1\" content=\"Est. reading time\" \/>\n\t<meta name=\"twitter:data1\" content=\"5 minutes\" \/>\n<script type=\"application\/ld+json\" class=\"yoast-schema-graph\">{\"@context\":\"https:\/\/schema.org\",\"@graph\":[{\"@type\":\"WebPage\",\"@id\":\"https:\/\/gargamel-estudio.com\/nosotros\/\",\"url\":\"https:\/\/gargamel-estudio.com\/nosotros\/\",\"name\":\"About us - Gargamel Estudio\",\"isPartOf\":{\"@id\":\"https:\/\/gargamel-estudio.com\/#website\"},\"datePublished\":\"2017-08-11T13:08:37+00:00\",\"dateModified\":\"2020-10-02T01:17:10+00:00\",\"breadcrumb\":{\"@id\":\"https:\/\/gargamel-estudio.com\/nosotros\/#breadcrumb\"},\"inLanguage\":\"en-US\",\"potentialAction\":[{\"@type\":\"ReadAction\",\"target\":[\"https:\/\/gargamel-estudio.com\/nosotros\/\"]}]},{\"@type\":\"BreadcrumbList\",\"@id\":\"https:\/\/gargamel-estudio.com\/nosotros\/#breadcrumb\",\"itemListElement\":[{\"@type\":\"ListItem\",\"position\":1,\"name\":\"Home\",\"item\":\"https:\/\/gargamel-estudio.com\/\"},{\"@type\":\"ListItem\",\"position\":2,\"name\":\"Nosotros\"}]},{\"@type\":\"WebSite\",\"@id\":\"https:\/\/gargamel-estudio.com\/#website\",\"url\":\"https:\/\/gargamel-estudio.com\/\",\"name\":\"Gargamel Estudio\",\"description\":\"Gargamel Estudio\",\"potentialAction\":[{\"@type\":\"SearchAction\",\"target\":{\"@type\":\"EntryPoint\",\"urlTemplate\":\"https:\/\/gargamel-estudio.com\/?s={search_term_string}\"},\"query-input\":\"required name=search_term_string\"}],\"inLanguage\":\"en-US\"}]}<\/script>\n<!-- \/ Yoast SEO plugin. -->","yoast_head_json":{"title":"About us - Gargamel Estudio","robots":{"index":"index","follow":"follow","max-snippet":"max-snippet:-1","max-image-preview":"max-image-preview:large","max-video-preview":"max-video-preview:-1"},"canonical":"https:\/\/gargamel-estudio.com\/nosotros\/","og_locale":"en_US","og_type":"article","og_title":"About us - Gargamel Estudio","og_url":"https:\/\/gargamel-estudio.com\/nosotros\/","og_site_name":"Gargamel Estudio","article_modified_time":"2020-10-02T01:17:10+00:00","og_image":[{"url":"https:\/\/gargamel-estudio.com\/wp-content\/uploads\/2019\/12\/elisa-1.png"}],"twitter_card":"summary_large_image","twitter_misc":{"Est. reading time":"5 minutes"},"schema":{"@context":"https:\/\/schema.org","@graph":[{"@type":"WebPage","@id":"https:\/\/gargamel-estudio.com\/nosotros\/","url":"https:\/\/gargamel-estudio.com\/nosotros\/","name":"About us - Gargamel Estudio","isPartOf":{"@id":"https:\/\/gargamel-estudio.com\/#website"},"datePublished":"2017-08-11T13:08:37+00:00","dateModified":"2020-10-02T01:17:10+00:00","breadcrumb":{"@id":"https:\/\/gargamel-estudio.com\/nosotros\/#breadcrumb"},"inLanguage":"en-US","potentialAction":[{"@type":"ReadAction","target":["https:\/\/gargamel-estudio.com\/nosotros\/"]}]},{"@type":"BreadcrumbList","@id":"https:\/\/gargamel-estudio.com\/nosotros\/#breadcrumb","itemListElement":[{"@type":"ListItem","position":1,"name":"Home","item":"https:\/\/gargamel-estudio.com\/"},{"@type":"ListItem","position":2,"name":"Nosotros"}]},{"@type":"WebSite","@id":"https:\/\/gargamel-estudio.com\/#website","url":"https:\/\/gargamel-estudio.com\/","name":"Gargamel Estudio","description":"Gargamel Estudio","potentialAction":[{"@type":"SearchAction","target":{"@type":"EntryPoint","urlTemplate":"https:\/\/gargamel-estudio.com\/?s={search_term_string}"},"query-input":"required name=search_term_string"}],"inLanguage":"en-US"}]}},"_links":{"self":[{"href":"https:\/\/gargamel-estudio.com\/en\/wp-json\/wp\/v2\/pages\/37"}],"collection":[{"href":"https:\/\/gargamel-estudio.com\/en\/wp-json\/wp\/v2\/pages"}],"about":[{"href":"https:\/\/gargamel-estudio.com\/en\/wp-json\/wp\/v2\/types\/page"}],"author":[{"embeddable":true,"href":"https:\/\/gargamel-estudio.com\/en\/wp-json\/wp\/v2\/users\/1"}],"replies":[{"embeddable":true,"href":"https:\/\/gargamel-estudio.com\/en\/wp-json\/wp\/v2\/comments?post=37"}],"version-history":[{"count":22,"href":"https:\/\/gargamel-estudio.com\/en\/wp-json\/wp\/v2\/pages\/37\/revisions"}],"predecessor-version":[{"id":1886,"href":"https:\/\/gargamel-estudio.com\/en\/wp-json\/wp\/v2\/pages\/37\/revisions\/1886"}],"wp:attachment":[{"href":"https:\/\/gargamel-estudio.com\/en\/wp-json\/wp\/v2\/media?parent=37"}],"curies":[{"name":"wp","href":"https:\/\/api.w.org\/{rel}","templated":true}]}}