{"id":23,"date":"2017-08-11T13:03:17","date_gmt":"2017-08-11T13:03:17","guid":{"rendered":"http:\/\/atixscripts.info\/demo\/minimagdemo\/?page_id=23"},"modified":"2019-11-30T15:08:59","modified_gmt":"2019-11-30T21:08:59","slug":"blog","status":"publish","type":"page","link":"https:\/\/gargamel-estudio.com\/en\/blog\/","title":{"rendered":"Blog"},"content":{"rendered":"<p>[vc_row spadding=&#8221;spaddingtop&#8221;][vc_column]\t\t<!-- Page Content -->\r\n\t\t<div class=\"container-fluid no-left-padding no-right-padding blog-paralle-post-no-sidebar post-single-center\">\r\n\t\t\t<!-- Container -->\r\n\t\t\t<div class=\"container\">\r\n\t\t\t\t<!-- Row -->\r\n\t\t\t\t<div class=\"row justify-content-md-center\">\r\n\t\t\t\t\t<!-- Content Area -->\r\n\t\t\t\t\t<div class=\"col-xl-10 col-lg-12 col-md-12 content-area\">\r\n\t\t\t\t\t\t<!-- Row -->\r\n\t\t\t\t\t\t<div class=\"row\">\r\n\t\t\t\t\t\t\t\t\t\t\t\t\t\t\t<div class=\"col-12 col-lg-12 col-md-6 col-sm-6 blog-paralle\">\r\n\t\t\t\t\t\t\t\t\t<div class=\"post-1460 post type-post status-publish format-standard has-post-thumbnail hentry category-blog\">\r\n\t\t\t\t\t\t\t\t\t\t\t\t\t\t\t\t\t\t\t\t\t\t<div class=\"entry-cover\">\r\n\t\t\t\t\t\t\t\t\t\t\t\t\t<div class=\"post-meta\">\r\n\t\t\t\t\t\t\t\t\t\t\t\t\t\t<span class=\"byline\">by\t\t\t\t\t\t\t\t\t\t\t\t\t\t\t<a href=\"https:\/\/gargamel-estudio.com\/en\/author\/gargamel\/\" title=\"gargamel\">gargamel<\/a>\r\n\t\t\t\t\t\t\t\t\t\t\t\t\t\t<\/span>\r\n\t\t\t\t\t\t\t\t\t\t\t\t\t\t<span class=\"post-date\">\r\n\t\t\t\t\t\t\t\t\t\t\t\t\t\t\t<a href=\"https:\/\/gargamel-estudio.com\/en\/los-mejores-juegos-online-sin-descargar\/\">March 31, 2019<\/a>\r\n\t\t\t\t\t\t\t\t\t\t\t\t\t\t<\/span>\r\n\t\t\t\t\t\t\t\t\t\t\t\t\t<\/div>\r\n\t\t\t\t\t\t\t\t\t\t\t\t\t<a href=\"https:\/\/gargamel-estudio.com\/en\/los-mejores-juegos-online-sin-descargar\/\">\r\n\t\t\t\t\t\t\t\t\t\t\t\t\t\t<img width=\"351\" height=\"247\" src=\"https:\/\/gargamel-estudio.com\/wp-content\/uploads\/2019\/03\/juegos-inline-sin-descarga-351x247.jpg\" class=\"attachment-minimag_351_247 size-minimag_351_247 wp-post-image\" alt=\"\" decoding=\"async\" \/>\t\t\t\t\t\t\t\t\t\t\t\t\t<\/a>\r\n\t\t\t\t\t\t\t\t\t\t\t\t<\/div>\r\n\t\t\t\t\t\t\t\t\t\t\t\t\t\t\t\t\t\t\t\t\t\t<div class=\"entry-content\">\r\n\t\t\t\t\t\t\t\t\t\t\t<div class=\"entry-header\">\t\r\n\t\t\t\t\t\t\t\t\t\t\t\t\t\t\t\t\t\t\t\t\t\t\t\t\t<span class=\"post-category\">\r\n\t\t\t\t\t\t\t\t\t\t\t\t\t\t<a href=\"https:\/\/gargamel-estudio.com\/en\/category\/blog\/\" rel=\"category tag\">Blog<\/a>\t\t\t\t\t\t\t\t\t\t\t\t\t<\/span>\r\n\t\t\t\t\t\t\t\t\t\t\t\t\t\t\t\t\t\t\t\t\t\t\t\t\t<h3 class=\"entry-title\">\r\n\t\t\t\t\t\t\t\t\t\t\t\t\t<a href=\"https:\/\/gargamel-estudio.com\/en\/los-mejores-juegos-online-sin-descargar\/\" title=\"Los mejores 10 sitios de juegos online sin descargar\">Los mejores 10 sitios de juegos online sin descargar<\/a>\r\n\t\t\t\t\t\t\t\t\t\t\t\t<\/h3>\r\n\t\t\t\t\t\t\t\t\t\t\t<\/div>\t\t\t\t\t\t\t\t\r\n\t\t\t\t\t\t\t\t\t\t\t<p>\u00bfTienes ganas de pasar un buen rato jugando? En internet existen muchos juegos online que no necesitan ser descargarlos (ya sabemos qu\u00e9 molesto es esperar a que baje el programa, se instale y puedas empezar a disfrutar, \u00bfcierto?). Te vamos a dar algunas alternativas libres de virus con una recopilaci\u00f3n incre\u00edble de todo tipo de ...<\/p>\r\n\t\t\t\t\t\t\t\t\t\t\t<a href=\"https:\/\/gargamel-estudio.com\/en\/los-mejores-juegos-online-sin-descargar\/\" title=\"Read More\">\r\n\t\t\t\t\t\t\t\t\t\t\t\tRead More\t\t\t\t\t\t\t\t\t\t\t<\/a>\r\n\t\t\t\t\t\t\t\t\t\t<\/div>\r\n\t\t\t\t\t\t\t\t\t<\/div>\r\n\t\t\t\t\t\t\t\t<\/div>\r\n\t\t\t\t\t\t\t\t\t\t\t\t\t\t\t\t<div class=\"col-12 col-lg-12 col-md-6 col-sm-6 blog-paralle\">\r\n\t\t\t\t\t\t\t\t\t<div class=\"post-1450 post type-post status-publish format-standard has-post-thumbnail hentry category-blog\">\r\n\t\t\t\t\t\t\t\t\t\t\t\t\t\t\t\t\t\t\t\t\t\t<div class=\"entry-cover\">\r\n\t\t\t\t\t\t\t\t\t\t\t\t\t<div class=\"post-meta\">\r\n\t\t\t\t\t\t\t\t\t\t\t\t\t\t<span class=\"byline\">by\t\t\t\t\t\t\t\t\t\t\t\t\t\t\t<a href=\"https:\/\/gargamel-estudio.com\/en\/author\/gargamel\/\" title=\"gargamel\">gargamel<\/a>\r\n\t\t\t\t\t\t\t\t\t\t\t\t\t\t<\/span>\r\n\t\t\t\t\t\t\t\t\t\t\t\t\t\t<span class=\"post-date\">\r\n\t\t\t\t\t\t\t\t\t\t\t\t\t\t\t<a href=\"https:\/\/gargamel-estudio.com\/en\/juegos-gratis-para-ninos-opciones-riesgos-y-oportunidades\/\">March 31, 2019<\/a>\r\n\t\t\t\t\t\t\t\t\t\t\t\t\t\t<\/span>\r\n\t\t\t\t\t\t\t\t\t\t\t\t\t<\/div>\r\n\t\t\t\t\t\t\t\t\t\t\t\t\t<a href=\"https:\/\/gargamel-estudio.com\/en\/juegos-gratis-para-ninos-opciones-riesgos-y-oportunidades\/\">\r\n\t\t\t\t\t\t\t\t\t\t\t\t\t\t<img width=\"351\" height=\"247\" src=\"https:\/\/gargamel-estudio.com\/wp-content\/uploads\/2019\/03\/juegos-gratis-para-ninos-1-351x247.jpg\" class=\"attachment-minimag_351_247 size-minimag_351_247 wp-post-image\" alt=\"\" decoding=\"async\" \/>\t\t\t\t\t\t\t\t\t\t\t\t\t<\/a>\r\n\t\t\t\t\t\t\t\t\t\t\t\t<\/div>\r\n\t\t\t\t\t\t\t\t\t\t\t\t\t\t\t\t\t\t\t\t\t\t<div class=\"entry-content\">\r\n\t\t\t\t\t\t\t\t\t\t\t<div class=\"entry-header\">\t\r\n\t\t\t\t\t\t\t\t\t\t\t\t\t\t\t\t\t\t\t\t\t\t\t\t\t<span class=\"post-category\">\r\n\t\t\t\t\t\t\t\t\t\t\t\t\t\t<a href=\"https:\/\/gargamel-estudio.com\/en\/category\/blog\/\" rel=\"category tag\">Blog<\/a>\t\t\t\t\t\t\t\t\t\t\t\t\t<\/span>\r\n\t\t\t\t\t\t\t\t\t\t\t\t\t\t\t\t\t\t\t\t\t\t\t\t\t<h3 class=\"entry-title\">\r\n\t\t\t\t\t\t\t\t\t\t\t\t\t<a href=\"https:\/\/gargamel-estudio.com\/en\/juegos-gratis-para-ninos-opciones-riesgos-y-oportunidades\/\" title=\"Juegos gratis para ni\u00f1os: \u00bfoportunidad o peligro?\">Juegos gratis para ni\u00f1os: \u00bfoportunidad o peligro?<\/a>\r\n\t\t\t\t\t\t\t\t\t\t\t\t<\/h3>\r\n\t\t\t\t\t\t\t\t\t\t\t<\/div>\t\t\t\t\t\t\t\t\r\n\t\t\t\t\t\t\t\t\t\t\t<p>No es ninguna novedad que internet ha transformado al mundo y que gran parte de las din\u00e1micas actuales se han visto modificadas por la digitalizaci\u00f3n de casi todo: ya sabes, pasar todo a un formato computarizado y en l\u00ednea. Si bien este tipo de din\u00e1micas han afectado transversalmente todas las industrias, hay tres de ellas ...<\/p>\r\n\t\t\t\t\t\t\t\t\t\t\t<a href=\"https:\/\/gargamel-estudio.com\/en\/juegos-gratis-para-ninos-opciones-riesgos-y-oportunidades\/\" title=\"Read More\">\r\n\t\t\t\t\t\t\t\t\t\t\t\tRead More\t\t\t\t\t\t\t\t\t\t\t<\/a>\r\n\t\t\t\t\t\t\t\t\t\t<\/div>\r\n\t\t\t\t\t\t\t\t\t<\/div>\r\n\t\t\t\t\t\t\t\t<\/div>\r\n\t\t\t\t\t\t\t\t<\/div><!-- Row \/- -->\t\t\t\t\t<\/div><!-- Content Area -->\r\n\t\t\t\t<\/div><!-- Row \/- -->\r\n\t\t\t<\/div><!-- Container \/- -->\r\n\t\t<\/div><!-- Page Content \/- -->\r\n\t\t[\/vc_column][\/vc_row]<\/p>\n","protected":false},"excerpt":{"rendered":"<p>[vc_row spadding=&#8221;spaddingtop&#8221;][vc_column][\/vc_column][\/vc_row]<\/p>\n","protected":false},"author":1,"featured_media":0,"parent":0,"menu_order":0,"comment_status":"closed","ping_status":"closed","template":"","meta":{"footnotes":""},"translation":{"provider":"WPGlobus","version":"2.12.2","language":"en","enabled_languages":["es","en"],"languages":{"es":{"title":true,"content":true,"excerpt":false},"en":{"title":false,"content":false,"excerpt":false}}},"yoast_head":"<!-- This site is optimized with the Yoast SEO plugin v21.1 - https:\/\/yoast.com\/wordpress\/plugins\/seo\/ -->\n<title>Blog - Gargamel Estudio<\/title>\n<meta name=\"robots\" content=\"index, follow, max-snippet:-1, max-image-preview:large, max-video-preview:-1\" \/>\n<link rel=\"canonical\" href=\"https:\/\/gargamel-estudio.com\/blog\/\" \/>\n<meta property=\"og:locale\" content=\"en_US\" \/>\n<meta property=\"og:type\" content=\"article\" \/>\n<meta property=\"og:title\" content=\"Blog - Gargamel Estudio\" \/>\n<meta property=\"og:url\" content=\"https:\/\/gargamel-estudio.com\/blog\/\" \/>\n<meta property=\"og:site_name\" content=\"Gargamel Estudio\" \/>\n<meta property=\"article:modified_time\" content=\"2019-11-30T21:08:59+00:00\" \/>\n<meta name=\"twitter:card\" content=\"summary_large_image\" \/>\n<script type=\"application\/ld+json\" class=\"yoast-schema-graph\">{\"@context\":\"https:\/\/schema.org\",\"@graph\":[{\"@type\":\"WebPage\",\"@id\":\"https:\/\/gargamel-estudio.com\/blog\/\",\"url\":\"https:\/\/gargamel-estudio.com\/blog\/\",\"name\":\"Blog - Gargamel Estudio\",\"isPartOf\":{\"@id\":\"https:\/\/gargamel-estudio.com\/#website\"},\"datePublished\":\"2017-08-11T13:03:17+00:00\",\"dateModified\":\"2019-11-30T21:08:59+00:00\",\"breadcrumb\":{\"@id\":\"https:\/\/gargamel-estudio.com\/blog\/#breadcrumb\"},\"inLanguage\":\"en-US\",\"potentialAction\":[{\"@type\":\"ReadAction\",\"target\":[\"https:\/\/gargamel-estudio.com\/blog\/\"]}]},{\"@type\":\"BreadcrumbList\",\"@id\":\"https:\/\/gargamel-estudio.com\/blog\/#breadcrumb\",\"itemListElement\":[{\"@type\":\"ListItem\",\"position\":1,\"name\":\"Home\",\"item\":\"https:\/\/gargamel-estudio.com\/\"},{\"@type\":\"ListItem\",\"position\":2,\"name\":\"Blog\"}]},{\"@type\":\"WebSite\",\"@id\":\"https:\/\/gargamel-estudio.com\/#website\",\"url\":\"https:\/\/gargamel-estudio.com\/\",\"name\":\"Gargamel Estudio\",\"description\":\"Gargamel Estudio\",\"potentialAction\":[{\"@type\":\"SearchAction\",\"target\":{\"@type\":\"EntryPoint\",\"urlTemplate\":\"https:\/\/gargamel-estudio.com\/?s={search_term_string}\"},\"query-input\":\"required name=search_term_string\"}],\"inLanguage\":\"en-US\"}]}<\/script>\n<!-- \/ Yoast SEO plugin. -->","yoast_head_json":{"title":"Blog - Gargamel Estudio","robots":{"index":"index","follow":"follow","max-snippet":"max-snippet:-1","max-image-preview":"max-image-preview:large","max-video-preview":"max-video-preview:-1"},"canonical":"https:\/\/gargamel-estudio.com\/blog\/","og_locale":"en_US","og_type":"article","og_title":"Blog - Gargamel Estudio","og_url":"https:\/\/gargamel-estudio.com\/blog\/","og_site_name":"Gargamel Estudio","article_modified_time":"2019-11-30T21:08:59+00:00","twitter_card":"summary_large_image","schema":{"@context":"https:\/\/schema.org","@graph":[{"@type":"WebPage","@id":"https:\/\/gargamel-estudio.com\/blog\/","url":"https:\/\/gargamel-estudio.com\/blog\/","name":"Blog - Gargamel Estudio","isPartOf":{"@id":"https:\/\/gargamel-estudio.com\/#website"},"datePublished":"2017-08-11T13:03:17+00:00","dateModified":"2019-11-30T21:08:59+00:00","breadcrumb":{"@id":"https:\/\/gargamel-estudio.com\/blog\/#breadcrumb"},"inLanguage":"en-US","potentialAction":[{"@type":"ReadAction","target":["https:\/\/gargamel-estudio.com\/blog\/"]}]},{"@type":"BreadcrumbList","@id":"https:\/\/gargamel-estudio.com\/blog\/#breadcrumb","itemListElement":[{"@type":"ListItem","position":1,"name":"Home","item":"https:\/\/gargamel-estudio.com\/"},{"@type":"ListItem","position":2,"name":"Blog"}]},{"@type":"WebSite","@id":"https:\/\/gargamel-estudio.com\/#website","url":"https:\/\/gargamel-estudio.com\/","name":"Gargamel Estudio","description":"Gargamel Estudio","potentialAction":[{"@type":"SearchAction","target":{"@type":"EntryPoint","urlTemplate":"https:\/\/gargamel-estudio.com\/?s={search_term_string}"},"query-input":"required name=search_term_string"}],"inLanguage":"en-US"}]}},"_links":{"self":[{"href":"https:\/\/gargamel-estudio.com\/en\/wp-json\/wp\/v2\/pages\/23"}],"collection":[{"href":"https:\/\/gargamel-estudio.com\/en\/wp-json\/wp\/v2\/pages"}],"about":[{"href":"https:\/\/gargamel-estudio.com\/en\/wp-json\/wp\/v2\/types\/page"}],"author":[{"embeddable":true,"href":"https:\/\/gargamel-estudio.com\/en\/wp-json\/wp\/v2\/users\/1"}],"replies":[{"embeddable":true,"href":"https:\/\/gargamel-estudio.com\/en\/wp-json\/wp\/v2\/comments?post=23"}],"version-history":[{"count":5,"href":"https:\/\/gargamel-estudio.com\/en\/wp-json\/wp\/v2\/pages\/23\/revisions"}],"predecessor-version":[{"id":1456,"href":"https:\/\/gargamel-estudio.com\/en\/wp-json\/wp\/v2\/pages\/23\/revisions\/1456"}],"wp:attachment":[{"href":"https:\/\/gargamel-estudio.com\/en\/wp-json\/wp\/v2\/media?parent=23"}],"curies":[{"name":"wp","href":"https:\/\/api.w.org\/{rel}","templated":true}]}}