{"id":1576,"date":"2019-06-08T12:42:24","date_gmt":"2019-06-08T17:42:24","guid":{"rendered":"http:\/\/gargamel-estudio.com\/?page_id=1576"},"modified":"2019-06-08T12:45:47","modified_gmt":"2019-06-08T17:45:47","slug":"aviso-de-privacidad","status":"publish","type":"page","link":"https:\/\/gargamel-estudio.com\/en\/aviso-de-privacidad\/","title":{"rendered":"Aviso de privacidad"},"content":{"rendered":"\n<p><strong>Aviso de Privacidad y Protecci\u00f3n de Datos Personales<\/strong><\/p>\n\n\n\n<p><br>La Oficina de la Naciones Unidas contra la Droga y el Delito en M\u00e9xico (en adelante la \u201cUNODC M\u00e9xico\u201d) ser\u00e1 la encargada de realizar las acciones correspondientes para brindar protecci\u00f3n a los datos personales proporcionados a trav\u00e9s del juego digital \u201cChuka, Rompe el Silencio\u201d. Por esta raz\u00f3n, se da a conocer a sus usuarios las siguientes pol\u00edticas, basadas en la normatividad vigente aplicable a la protecci\u00f3n de datos personales.<\/p>\n\n\n\n<p><strong>Objeto<\/strong><\/p>\n\n\n\n<p>La Pol\u00edtica de Privacidad y Protecci\u00f3n de Datos Personales, en adelante el \u201cAviso de Privacidad\u201d, explica c\u00f3mo se tratan y protegen los datos personales que sean recolectados en el juego digital, as\u00ed como aquellos que sean recabados como parte del objetivo, implementaci\u00f3n o mejora del mismo; d\u00e1ndole la seguridad de que sus datos ser\u00e1n almacenados en plataformas seguras y garantiz\u00e1ndole la salvaguarda de la privacidad y los intereses que en ellos se relacionen.<\/p>\n\n\n\n<p><strong>Datos sometidos a tratamiento<\/strong><\/p>\n\n\n\n<p>Los datos que se recolectan a trav\u00e9s del juego digital, por la UNODC M\u00e9xico, en ning\u00fan caso son datos sensibles, y consisten en los siguientes datos: apodo o nickname, g\u00e9nero, edad, municipio, estado, pa\u00eds, pregunta y respuesta secreta, emoji identificador, C\u00f3digo de Centro de Trabajo (CCT) y contrase\u00f1a.<\/p>\n\n\n\n<p><br><strong>Finalidades del tratamiento de los datos personales<\/strong><\/p>\n\n\n\n<p>Los datos personales podr\u00e1n ser tratados para los siguientes fines:<\/p>\n\n\n\n<p>a) El cumplimiento de los objetivos del Programa Educaci\u00f3n para la Justicia (E4J), as\u00ed como los dem\u00e1s programas a cargo de la UNODC M\u00e9xico que contengan componentes de combate contra la violencia de g\u00e9nero;<br>b) Para la planeaci\u00f3n;<br>c) Para la coordinaci\u00f3n;<br>d) Para la ejecuci\u00f3n (entrega y distribuci\u00f3n);<br>e) Para el seguimiento y verificaci\u00f3n de su desempe\u00f1o;<br>f) Para la comprobaci\u00f3n del beneficio proporcionado;<br>g) Para fines de auditor\u00edas y evaluaciones.<\/p>\n\n\n\n<p>\u00bfPara qu\u00e9 otras finalidades se podr\u00e1n utilizar sus datos personales?<\/p>\n\n\n\n<p>De manera adicional, los datos de car\u00e1cter personal ser\u00e1n utilizados para los siguientes fines, los cuales no inciden directamente en la implementaci\u00f3n del Programa Educaci\u00f3n para la Justicia, pero s\u00ed para mejora del mismo.<\/p>\n\n\n\n<p><br>\u2022 Levantamiento de encuestas sobre:&nbsp;<br>a) El uso y aprovechamiento de los equipos.<br>b) Para fines estad\u00edsticos e informativos.<\/p>\n\n\n\n<p><strong>Derechos ARCO<\/strong><\/p>\n\n\n\n<p>En cualquier circunstancia usted podr\u00e1 solicitar a la UNODC M\u00e9xico, los datos de car\u00e1cter personal que tenga en su posesi\u00f3n, las finalidades y condiciones de su uso, as\u00ed como la correcci\u00f3n de la informaci\u00f3n personal cuando \u00e9sta sea inexacta, incompleta o desactualizada. Asimismo podr\u00e1 solicitar que la misma sea eliminada de los registros o bases de datos generados, cuando considere que la misma no est\u00e1 siendo utilizada conforme a los principios, deberes y obligaciones previstas en la normativa; as\u00ed como oponerse al uso de sus datos personales para fines espec\u00edficos.<\/p>\n\n\n\n<p>\u00bfQu\u00e9 implican los derechos Arco?<\/p>\n\n\n\n<p><em>DERECHOS ARCO<\/em><br>Acceso: Conocer cu\u00e1l informaci\u00f3n personal est\u00e1 en posesi\u00f3n de terceros, el estado en que se encuentra y para qu\u00e9 fines se utiliza.<br>Rectificaci\u00f3n: Solicitar, a quien utilice datos personales que los corrija cuando sean incorrectos o desactualizados.&nbsp;<br>Cancelaci\u00f3n: Solicitar que se eliminen los datos personales cuando no est\u00e1n siendo utilizados adecuadamente.&nbsp;<br>Oposici\u00f3n: Exigir el cese del uso de la informaci\u00f3n personal.<\/p>\n\n\n\n<p><br>Para conocer el procedimiento y requisitos para el ejercicio de los derechos ARCO, podr\u00e1 ponerse en contacto con la UNODC M\u00e9xico, que dar\u00e1 tr\u00e1mite a las solicitudes para el ejercicio de estos derechos, y atender\u00e1 cualquier duda que pudiera tener respecto al tratamiento de informaci\u00f3n de car\u00e1cter personal. Los datos de contacto son los siguientes:<\/p>\n\n\n\n<p>UNODC M\u00e9xico, con domicilio en Av. Miguel Cervantes Saavedra 169, correo electr\u00f3nico&nbsp;<a href=\"mailto:mildred.mendoza@un.org\" target=\"_blank\" rel=\"noreferrer noopener\">mildred.mendoza@un.org<\/a>&nbsp;<\/p>\n\n\n\n<p><strong>Responsable del tratamiento de los datos personales y fundamento para ello<\/strong><\/p>\n\n\n\n<p>Los datos de car\u00e1cter personal que sean utilizados para el cumplimiento de los objetivos del Programa Educaci\u00f3n para la Justicia, as\u00ed como los dem\u00e1s programas a cargo de la UNODC M\u00e9xico que contengan componentes en el combate contra la violencia de g\u00e9nero y dem\u00e1s encomendados, y todos aquellos que sean utilizados para fines secundarios, se encontrar\u00e1n limitados solo a los empleados y contratistas involucrados en la planeaci\u00f3n, coordinaci\u00f3n, ejecuci\u00f3n y evaluaci\u00f3n peri\u00f3dica de los mismos; garantizando en todo momento la confidencialidad en el tratamiento de los datos personales que sean recabados, as\u00ed como la implementaci\u00f3n de mecanismos que garanticen su seguridad.<\/p>\n\n\n\n<p>Es importante mencionar que la UNODC M\u00e9xico, en ning\u00fan momento proporcionar\u00e1 la informaci\u00f3n de car\u00e1cter personal de sus usuarios a ninguna empresa ni entidad externa. Los datos personales en posesi\u00f3n de la misma est\u00e1n protegidos por la Ley General de Transparencia y Acceso a la Informaci\u00f3n P\u00fablica, los Lineamientos de Protecci\u00f3n de Datos Personales, la Ley Federal de Transparencia y Acceso a la Informaci\u00f3n P\u00fablica y su Reglamento.<\/p>\n\n\n\n<p><br><strong>Consentimiento en materia de protecci\u00f3n de datos personales<\/strong><\/p>\n\n\n\n<p>Los datos personales podr\u00e1n ser tratados sin consentimiento de la UNODC M\u00e9xico, siempre en respeto a los derechos de los usuarios, y s\u00f3lo por razones de seguridad nacional, disposiciones de orden p\u00fablico, seguridad y salud p\u00fablicas o para proteger los derechos de terceros, seg\u00fan lo establece de esta manera, el segundo p\u00e1rrafo del art\u00edculo 16, de la Constituci\u00f3n Pol\u00edtica de los Estados Unidos Mexicanos, as\u00ed como en los supuestos previstos por el art\u00edculo 117 de la Ley Federal de Transparencia y Acceso a la Informaci\u00f3n P\u00fablica.<\/p>\n\n\n\n<p><br><strong>Cambios y actualizaciones a la Pol\u00edtica de Privacidad<\/strong><\/p>\n\n\n\n<p>El presente Aviso de Privacidad puede cambiar o actualizarse peri\u00f3dicamente; por lo que le pedimos sea revisada constantemente y pueda estar al tanto de la \u00faltima versi\u00f3n que rige el tratamiento de tus datos personales. No obstante lo anterior, el presente aviso de privacidad siempre deber\u00e1 observar las disposiciones jur\u00eddicas aplicables.<\/p>\n","protected":false},"excerpt":{"rendered":"<p>Aviso de Privacidad y Protecci\u00f3n de Datos Personales La Oficina de la Naciones Unidas contra la Droga y el Delito en M\u00e9xico (en adelante la \u201cUNODC M\u00e9xico\u201d) ser\u00e1 la encargada de realizar las acciones correspondientes para brindar protecci\u00f3n a los datos personales proporcionados a trav\u00e9s del juego digital \u201cChuka, Rompe el Silencio\u201d. Por esta raz\u00f3n, [&hellip;]<\/p>\n","protected":false},"author":1,"featured_media":0,"parent":0,"menu_order":0,"comment_status":"closed","ping_status":"closed","template":"","meta":{"footnotes":""},"translation":{"provider":"WPGlobus","version":"2.12.2","language":"en","enabled_languages":["es","en"],"languages":{"es":{"title":true,"content":true,"excerpt":false},"en":{"title":false,"content":false,"excerpt":false}}},"yoast_head":"<!-- This site is optimized with the Yoast SEO plugin v21.1 - https:\/\/yoast.com\/wordpress\/plugins\/seo\/ -->\n<title>Aviso de privacidad - Gargamel Estudio<\/title>\n<meta name=\"robots\" content=\"index, follow, max-snippet:-1, max-image-preview:large, max-video-preview:-1\" \/>\n<link rel=\"canonical\" href=\"https:\/\/gargamel-estudio.com\/aviso-de-privacidad\/\" \/>\n<meta property=\"og:locale\" content=\"en_US\" \/>\n<meta property=\"og:type\" content=\"article\" \/>\n<meta property=\"og:title\" content=\"Aviso de privacidad - Gargamel Estudio\" \/>\n<meta property=\"og:url\" content=\"https:\/\/gargamel-estudio.com\/aviso-de-privacidad\/\" \/>\n<meta property=\"og:site_name\" content=\"Gargamel Estudio\" \/>\n<meta property=\"article:modified_time\" content=\"2019-06-08T17:45:47+00:00\" \/>\n<meta name=\"twitter:card\" content=\"summary_large_image\" \/>\n<meta name=\"twitter:label1\" content=\"Est. reading time\" \/>\n\t<meta name=\"twitter:data1\" content=\"5 minutes\" \/>\n<script type=\"application\/ld+json\" class=\"yoast-schema-graph\">{\"@context\":\"https:\/\/schema.org\",\"@graph\":[{\"@type\":\"WebPage\",\"@id\":\"https:\/\/gargamel-estudio.com\/aviso-de-privacidad\/\",\"url\":\"https:\/\/gargamel-estudio.com\/aviso-de-privacidad\/\",\"name\":\"Aviso de privacidad - Gargamel Estudio\",\"isPartOf\":{\"@id\":\"https:\/\/gargamel-estudio.com\/#website\"},\"datePublished\":\"2019-06-08T17:42:24+00:00\",\"dateModified\":\"2019-06-08T17:45:47+00:00\",\"breadcrumb\":{\"@id\":\"https:\/\/gargamel-estudio.com\/aviso-de-privacidad\/#breadcrumb\"},\"inLanguage\":\"en-US\",\"potentialAction\":[{\"@type\":\"ReadAction\",\"target\":[\"https:\/\/gargamel-estudio.com\/aviso-de-privacidad\/\"]}]},{\"@type\":\"BreadcrumbList\",\"@id\":\"https:\/\/gargamel-estudio.com\/aviso-de-privacidad\/#breadcrumb\",\"itemListElement\":[{\"@type\":\"ListItem\",\"position\":1,\"name\":\"Home\",\"item\":\"https:\/\/gargamel-estudio.com\/\"},{\"@type\":\"ListItem\",\"position\":2,\"name\":\"Aviso de privacidad\"}]},{\"@type\":\"WebSite\",\"@id\":\"https:\/\/gargamel-estudio.com\/#website\",\"url\":\"https:\/\/gargamel-estudio.com\/\",\"name\":\"Gargamel Estudio\",\"description\":\"Gargamel Estudio\",\"potentialAction\":[{\"@type\":\"SearchAction\",\"target\":{\"@type\":\"EntryPoint\",\"urlTemplate\":\"https:\/\/gargamel-estudio.com\/?s={search_term_string}\"},\"query-input\":\"required name=search_term_string\"}],\"inLanguage\":\"en-US\"}]}<\/script>\n<!-- \/ Yoast SEO plugin. -->","yoast_head_json":{"title":"Aviso de privacidad - Gargamel Estudio","robots":{"index":"index","follow":"follow","max-snippet":"max-snippet:-1","max-image-preview":"max-image-preview:large","max-video-preview":"max-video-preview:-1"},"canonical":"https:\/\/gargamel-estudio.com\/aviso-de-privacidad\/","og_locale":"en_US","og_type":"article","og_title":"Aviso de privacidad - Gargamel Estudio","og_url":"https:\/\/gargamel-estudio.com\/aviso-de-privacidad\/","og_site_name":"Gargamel Estudio","article_modified_time":"2019-06-08T17:45:47+00:00","twitter_card":"summary_large_image","twitter_misc":{"Est. reading time":"5 minutes"},"schema":{"@context":"https:\/\/schema.org","@graph":[{"@type":"WebPage","@id":"https:\/\/gargamel-estudio.com\/aviso-de-privacidad\/","url":"https:\/\/gargamel-estudio.com\/aviso-de-privacidad\/","name":"Aviso de privacidad - Gargamel Estudio","isPartOf":{"@id":"https:\/\/gargamel-estudio.com\/#website"},"datePublished":"2019-06-08T17:42:24+00:00","dateModified":"2019-06-08T17:45:47+00:00","breadcrumb":{"@id":"https:\/\/gargamel-estudio.com\/aviso-de-privacidad\/#breadcrumb"},"inLanguage":"en-US","potentialAction":[{"@type":"ReadAction","target":["https:\/\/gargamel-estudio.com\/aviso-de-privacidad\/"]}]},{"@type":"BreadcrumbList","@id":"https:\/\/gargamel-estudio.com\/aviso-de-privacidad\/#breadcrumb","itemListElement":[{"@type":"ListItem","position":1,"name":"Home","item":"https:\/\/gargamel-estudio.com\/"},{"@type":"ListItem","position":2,"name":"Aviso de privacidad"}]},{"@type":"WebSite","@id":"https:\/\/gargamel-estudio.com\/#website","url":"https:\/\/gargamel-estudio.com\/","name":"Gargamel Estudio","description":"Gargamel Estudio","potentialAction":[{"@type":"SearchAction","target":{"@type":"EntryPoint","urlTemplate":"https:\/\/gargamel-estudio.com\/?s={search_term_string}"},"query-input":"required name=search_term_string"}],"inLanguage":"en-US"}]}},"_links":{"self":[{"href":"https:\/\/gargamel-estudio.com\/en\/wp-json\/wp\/v2\/pages\/1576"}],"collection":[{"href":"https:\/\/gargamel-estudio.com\/en\/wp-json\/wp\/v2\/pages"}],"about":[{"href":"https:\/\/gargamel-estudio.com\/en\/wp-json\/wp\/v2\/types\/page"}],"author":[{"embeddable":true,"href":"https:\/\/gargamel-estudio.com\/en\/wp-json\/wp\/v2\/users\/1"}],"replies":[{"embeddable":true,"href":"https:\/\/gargamel-estudio.com\/en\/wp-json\/wp\/v2\/comments?post=1576"}],"version-history":[{"count":1,"href":"https:\/\/gargamel-estudio.com\/en\/wp-json\/wp\/v2\/pages\/1576\/revisions"}],"predecessor-version":[{"id":1577,"href":"https:\/\/gargamel-estudio.com\/en\/wp-json\/wp\/v2\/pages\/1576\/revisions\/1577"}],"wp:attachment":[{"href":"https:\/\/gargamel-estudio.com\/en\/wp-json\/wp\/v2\/media?parent=1576"}],"curies":[{"name":"wp","href":"https:\/\/api.w.org\/{rel}","templated":true}]}}